{"id":3228,"date":"2024-12-19T16:31:29","date_gmt":"2024-12-19T16:31:29","guid":{"rendered":"https:\/\/matuidiomas.com\/?page_id=3228"},"modified":"2025-05-07T22:57:31","modified_gmt":"2025-05-07T21:57:31","slug":"contacto","status":"publish","type":"page","link":"https:\/\/matuidiomas.com\/en\/contacto\/","title":{"rendered":"Contact"},"content":{"rendered":"\t\t<div data-elementor-type=\"wp-page\" data-elementor-id=\"3228\" class=\"elementor elementor-3228\" data-elementor-post-type=\"page\">\n\t\t\t\t<div class=\"elementor-element elementor-element-9f66bb9 e-con-full e-flex e-con e-parent\" data-id=\"9f66bb9\" data-element_type=\"container\" data-e-type=\"container\" data-settings=\"{&quot;background_background&quot;:&quot;classic&quot;}\">\n\t\t<div class=\"elementor-element elementor-element-a3377ca e-con-full e-flex e-con e-child\" data-id=\"a3377ca\" data-element_type=\"container\" data-e-type=\"container\">\n\t\t<div class=\"elementor-element elementor-element-06c9727 e-flex e-con-boxed e-con e-child\" data-id=\"06c9727\" data-element_type=\"container\" data-e-type=\"container\">\n\t\t\t\t\t<div class=\"e-con-inner\">\n\t\t<div class=\"elementor-element elementor-element-4b7b31d e-con-full e-flex e-con e-child\" data-id=\"4b7b31d\" data-element_type=\"container\" data-e-type=\"container\">\n\t\t\t\t<div class=\"elementor-element elementor-element-720641a elementor-widget elementor-widget-heading\" data-id=\"720641a\" data-element_type=\"widget\" data-e-type=\"widget\" data-widget_type=\"heading.default\">\n\t\t\t\t<div class=\"elementor-widget-container\">\n\t\t\t\t\t<h1 class=\"elementor-heading-title elementor-size-default\">Contacta conmigo &#058;&#041;<\/h1>\t\t\t\t<\/div>\n\t\t\t\t<\/div>\n\t\t\t\t<div class=\"elementor-element elementor-element-c37b98a elementor-widget elementor-widget-spacer\" data-id=\"c37b98a\" data-element_type=\"widget\" data-e-type=\"widget\" data-widget_type=\"spacer.default\">\n\t\t\t\t<div class=\"elementor-widget-container\">\n\t\t\t\t\t\t\t<div class=\"elementor-spacer\">\n\t\t\t<div class=\"elementor-spacer-inner\"><\/div>\n\t\t<\/div>\n\t\t\t\t\t\t<\/div>\n\t\t\t\t<\/div>\n\t\t\t\t<div class=\"elementor-element elementor-element-bac76c1 elementor-tablet-button-align-stretch elementor-mobile-button-align-center elementor-button-align-stretch elementor-widget elementor-widget-form\" data-id=\"bac76c1\" data-element_type=\"widget\" data-e-type=\"widget\" data-settings=\"{&quot;button_width_tablet&quot;:&quot;100&quot;,&quot;step_next_label&quot;:&quot;Next&quot;,&quot;step_previous_label&quot;:&quot;Previous&quot;,&quot;button_width&quot;:&quot;100&quot;,&quot;step_type&quot;:&quot;number_text&quot;,&quot;step_icon_shape&quot;:&quot;circle&quot;}\" data-widget_type=\"form.default\">\n\t\t\t\t<div class=\"elementor-widget-container\">\n\t\t\t\t\t\t\t<form class=\"elementor-form\" method=\"post\" name=\"Contacto\" aria-label=\"Contacto\">\n\t\t\t<input type=\"hidden\" name=\"post_id\" value=\"3228\"\/>\n\t\t\t<input type=\"hidden\" name=\"form_id\" value=\"bac76c1\"\/>\n\t\t\t<input type=\"hidden\" name=\"referer_title\" value=\"Contacto - MatuIdiomas\" \/>\n\n\t\t\t\t\t\t\t<input type=\"hidden\" name=\"queried_id\" value=\"3228\"\/>\n\t\t\t\n\t\t\t<div class=\"elementor-form-fields-wrapper elementor-labels-\">\n\t\t\t\t\t\t\t\t<div class=\"elementor-field-type-text elementor-field-group elementor-column elementor-field-group-field_2 elementor-col-50 elementor-md-100 elementor-field-required\">\n\t\t\t\t\t\t\t\t\t\t\t\t<label for=\"form-field-field_2\" class=\"elementor-field-label elementor-screen-only\">\n\t\t\t\t\t\t\t\tNombre\t\t\t\t\t\t\t<\/label>\n\t\t\t\t\t\t\t\t\t\t\t\t\t\t<input size=\"1\" type=\"text\" name=\"form_fields[field_2]\" id=\"form-field-field_2\" class=\"elementor-field elementor-size-md  elementor-field-textual\" placeholder=\"Nombre\" required=\"required\">\n\t\t\t\t\t\t\t\t\t\t\t<\/div>\n\t\t\t\t\t\t\t\t<div class=\"elementor-field-type-email elementor-field-group elementor-column elementor-field-group-email elementor-col-50 elementor-md-100 elementor-field-required\">\n\t\t\t\t\t\t\t\t\t\t\t\t<label for=\"form-field-email\" class=\"elementor-field-label elementor-screen-only\">\n\t\t\t\t\t\t\t\tEmail\t\t\t\t\t\t\t<\/label>\n\t\t\t\t\t\t\t\t\t\t\t\t\t\t<input size=\"1\" type=\"email\" name=\"form_fields[email]\" id=\"form-field-email\" class=\"elementor-field elementor-size-md  elementor-field-textual\" placeholder=\"Email\" required=\"required\">\n\t\t\t\t\t\t\t\t\t\t\t<\/div>\n\t\t\t\t\t\t\t\t<div class=\"elementor-field-type-text elementor-field-group elementor-column elementor-field-group-field_1 elementor-col-100 elementor-md-100 elementor-field-required\">\n\t\t\t\t\t\t\t\t\t\t\t\t<label for=\"form-field-field_1\" class=\"elementor-field-label elementor-screen-only\">\n\t\t\t\t\t\t\t\tMensaje\t\t\t\t\t\t\t<\/label>\n\t\t\t\t\t\t\t\t\t\t\t\t\t\t<input size=\"1\" type=\"text\" name=\"form_fields[field_1]\" id=\"form-field-field_1\" class=\"elementor-field elementor-size-md  elementor-field-textual\" placeholder=\"Mensaje\" required=\"required\">\n\t\t\t\t\t\t\t\t\t\t\t<\/div>\n\t\t\t\t\t\t\t\t<div class=\"elementor-field-group elementor-column elementor-field-type-submit elementor-col-100 e-form__buttons elementor-md-100\">\n\t\t\t\t\t<button class=\"elementor-button elementor-size-sm elementor-animation-shrink\" type=\"submit\">\n\t\t\t\t\t\t<span class=\"elementor-button-content-wrapper\">\n\t\t\t\t\t\t\t\t\t\t\t\t\t\t\t\t\t\t\t\t\t\t<span class=\"elementor-button-text\">Enviar mensaje<\/span>\n\t\t\t\t\t\t\t\t\t\t\t\t\t<\/span>\n\t\t\t\t\t<\/button>\n\t\t\t\t<\/div>\n\t\t\t<\/div>\n\t\t<\/form>\n\t\t\t\t\t\t<\/div>\n\t\t\t\t<\/div>\n\t\t\t\t<\/div>\n\t\t\t\t\t<\/div>\n\t\t\t\t<\/div>\n\t\t<div class=\"elementor-element elementor-element-9e110bc e-flex e-con-boxed e-con e-child\" data-id=\"9e110bc\" data-element_type=\"container\" data-e-type=\"container\">\n\t\t\t\t\t<div class=\"e-con-inner\">\n\t\t<div class=\"elementor-element elementor-element-cd31122 e-con-full e-flex e-con e-child\" data-id=\"cd31122\" data-element_type=\"container\" data-e-type=\"container\">\n\t\t\t\t<div class=\"elementor-element elementor-element-7aeb665 elementor-widget elementor-widget-heading\" data-id=\"7aeb665\" data-element_type=\"widget\" data-e-type=\"widget\" data-widget_type=\"heading.default\">\n\t\t\t\t<div class=\"elementor-widget-container\">\n\t\t\t\t\t<h3 class=\"elementor-heading-title elementor-size-default\">Explora contenido gratis y aprende a tu ritmo \ud83c\udfa5\ud83d\udcda\u200b<\/h3>\t\t\t\t<\/div>\n\t\t\t\t<\/div>\n\t\t\t\t<\/div>\n\t\t<div class=\"elementor-element elementor-element-dcbad66 e-con-full elementor-hidden-desktop e-flex e-con e-child\" data-id=\"dcbad66\" data-element_type=\"container\" data-e-type=\"container\">\n\t\t\t\t<div class=\"elementor-element elementor-element-132c018 elementor-widget elementor-widget-image\" data-id=\"132c018\" data-element_type=\"widget\" data-e-type=\"widget\" data-widget_type=\"image.default\">\n\t\t\t\t<div class=\"elementor-widget-container\">\n\t\t\t\t\t\t\t\t\t\t\t\t\t\t\t<img fetchpriority=\"high\" decoding=\"async\" width=\"2560\" height=\"1707\" src=\"https:\/\/matuidiomas.com\/wp-content\/uploads\/2025\/01\/3-scaled.jpg\" class=\"attachment-full size-full wp-image-7252\" alt=\"\" srcset=\"https:\/\/matuidiomas.com\/wp-content\/uploads\/2025\/01\/3-scaled.jpg 2560w, https:\/\/matuidiomas.com\/wp-content\/uploads\/2025\/01\/3-300x200.jpg 300w, https:\/\/matuidiomas.com\/wp-content\/uploads\/2025\/01\/3-1024x683.jpg 1024w, https:\/\/matuidiomas.com\/wp-content\/uploads\/2025\/01\/3-768x512.jpg 768w, https:\/\/matuidiomas.com\/wp-content\/uploads\/2025\/01\/3-1536x1024.jpg 1536w, https:\/\/matuidiomas.com\/wp-content\/uploads\/2025\/01\/3-2048x1365.jpg 2048w\" sizes=\"(max-width: 2560px) 100vw, 2560px\" \/>\t\t\t\t\t\t\t\t\t\t\t\t\t\t\t<\/div>\n\t\t\t\t<\/div>\n\t\t\t\t<\/div>\n\t\t<div class=\"elementor-element elementor-element-c16c5d7 e-con-full e-flex e-con e-child\" data-id=\"c16c5d7\" data-element_type=\"container\" data-e-type=\"container\">\n\t\t\t\t<div class=\"elementor-element elementor-element-4cf485f elementor-widget elementor-widget-text-editor\" data-id=\"4cf485f\" data-element_type=\"widget\" data-e-type=\"widget\" data-widget_type=\"text-editor.default\">\n\t\t\t\t<div class=\"elementor-widget-container\">\n\t\t\t\t\t\t\t\t\t<p>Quiero que disfrutes aprendiendo espa\u00f1ol de una forma sencilla y divertida. En mi comunidad, comparto mini lecciones, ejercicios pr\u00e1cticos y frases \u00fatiles para que mejores tu fluidez sin presiones.<\/p><p><b>\u00danete y empieza a hablar espa\u00f1ol con m\u00e1s confianza cada d\u00eda. \u00a1Te espero!<\/b>\u00a0<\/p>\t\t\t\t\t\t\t\t<\/div>\n\t\t\t\t<\/div>\n\t\t\t\t<div class=\"elementor-element elementor-element-2360fa2 elementor-align-center elementor-tablet-align-center elementor-widget__width-auto elementor-widget elementor-widget-button\" data-id=\"2360fa2\" data-element_type=\"widget\" data-e-type=\"widget\" data-widget_type=\"button.default\">\n\t\t\t\t<div class=\"elementor-widget-container\">\n\t\t\t\t\t\t\t\t\t<div class=\"elementor-button-wrapper\">\n\t\t\t\t\t<a class=\"elementor-button elementor-button-link elementor-size-sm\" href=\"https:\/\/www.instagram.com\/matuidiomas\/\">\n\t\t\t\t\t\t<span class=\"elementor-button-content-wrapper\">\n\t\t\t\t\t\t<span class=\"elementor-button-icon\">\n\t\t\t\t\t\t\t<\/span>\n\t\t\t\t\t\t\t\t\t<span class=\"elementor-button-text\">Unirme<\/span>\n\t\t\t\t\t<\/span>\n\t\t\t\t\t<\/a>\n\t\t\t\t<\/div>\n\t\t\t\t\t\t\t\t<\/div>\n\t\t\t\t<\/div>\n\t\t\t\t<\/div>\n\t\t\t\t\t<\/div>\n\t\t\t\t<\/div>\n\t\t\t\t<\/div>\n\t\t<div class=\"elementor-element elementor-element-c67b284 e-con-full elementor-hidden-tablet elementor-hidden-mobile e-flex e-con e-child\" data-id=\"c67b284\" data-element_type=\"container\" data-e-type=\"container\" data-settings=\"{&quot;background_background&quot;:&quot;classic&quot;}\">\n\t\t\t\t<\/div>\n\t\t\t\t<\/div>\n\t\t\t\t<\/div>\n\t\t<p>Views: 47<\/p>","protected":false},"excerpt":{"rendered":"<p>Contacta conmigo &#058;&#041; Explora contenido gratis y aprende a tu ritmo \ud83c\udfa5\ud83d\udcda\u200b Quiero que disfrutes aprendiendo espa\u00f1ol de una forma sencilla y divertida. En mi comunidad, comparto mini lecciones, ejercicios pr\u00e1cticos y frases \u00fatiles para que mejores tu fluidez sin presiones. \u00danete y empieza a hablar espa\u00f1ol con m\u00e1s confianza cada d\u00eda. \u00a1Te espero!\u00a0 Unirme [&hellip;]<\/p>\n","protected":false},"author":4,"featured_media":0,"parent":0,"menu_order":0,"comment_status":"closed","ping_status":"closed","template":"","meta":{"_acf_changed":false,"_surecart_dashboard_logo_width":"180px","_surecart_dashboard_show_logo":true,"_surecart_dashboard_navigation_orders":true,"_surecart_dashboard_navigation_invoices":true,"_surecart_dashboard_navigation_subscriptions":true,"_surecart_dashboard_navigation_downloads":true,"_surecart_dashboard_navigation_billing":true,"_surecart_dashboard_navigation_account":true,"footnotes":""},"class_list":["post-3228","page","type-page","status-publish","hentry"],"acf":[],"yoast_head":"<!-- This site is optimized with the Yoast SEO Premium plugin v25.5 (Yoast SEO v27.2) - https:\/\/yoast.com\/product\/yoast-seo-premium-wordpress\/ -->\n<title>Contacto - MatuIdiomas<\/title>\n<meta name=\"description\" content=\"Ponte en contacto con tu nueva profesora de espa\u00f1ol, Martina. Ella te ense\u00f1ar\u00e1 todo lo que debes saber para hablar como un nativo.\" \/>\n<meta name=\"robots\" content=\"index, follow, max-snippet:-1, max-image-preview:large, max-video-preview:-1\" \/>\n<link rel=\"canonical\" href=\"https:\/\/matuidiomas.com\/en\/contacto\/\" \/>\n<meta property=\"og:locale\" content=\"en_GB\" \/>\n<meta property=\"og:type\" content=\"article\" \/>\n<meta property=\"og:title\" content=\"Contacto\" \/>\n<meta property=\"og:description\" content=\"Ponte en contacto con tu nueva profesora de espa\u00f1ol, Martina. Ella te ense\u00f1ar\u00e1 todo lo que debes saber para hablar como un nativo.\" \/>\n<meta property=\"og:url\" content=\"https:\/\/matuidiomas.com\/en\/contacto\/\" \/>\n<meta property=\"og:site_name\" content=\"MatuIdiomas\" \/>\n<meta property=\"article:publisher\" content=\"https:\/\/www.facebook.com\/matuIdiomas\" \/>\n<meta property=\"article:modified_time\" content=\"2025-05-07T21:57:31+00:00\" \/>\n<meta property=\"og:image\" content=\"https:\/\/matuidiomas.com\/wp-content\/uploads\/2025\/01\/3-scaled.jpg\" \/>\n<meta name=\"twitter:card\" content=\"summary_large_image\" \/>\n<meta name=\"twitter:site\" content=\"@matuidiomas\" \/>\n<meta name=\"twitter:label1\" content=\"Estimated reading time\" \/>\n\t<meta name=\"twitter:data1\" content=\"1 minute\" \/>\n<script type=\"application\/ld+json\" class=\"yoast-schema-graph\">{\"@context\":\"https:\/\/schema.org\",\"@graph\":[{\"@type\":\"WebPage\",\"@id\":\"https:\/\/matuidiomas.com\/contacto\/\",\"url\":\"https:\/\/matuidiomas.com\/contacto\/\",\"name\":\"Contacto - MatuIdiomas\",\"isPartOf\":{\"@id\":\"https:\/\/matuidiomas.com\/#website\"},\"primaryImageOfPage\":{\"@id\":\"https:\/\/matuidiomas.com\/contacto\/#primaryimage\"},\"image\":{\"@id\":\"https:\/\/matuidiomas.com\/contacto\/#primaryimage\"},\"thumbnailUrl\":\"https:\/\/matuidiomas.com\/wp-content\/uploads\/2025\/01\/3-scaled.jpg\",\"datePublished\":\"2024-12-19T16:31:29+00:00\",\"dateModified\":\"2025-05-07T21:57:31+00:00\",\"description\":\"Ponte en contacto con tu nueva profesora de espa\u00f1ol, Martina. Ella te ense\u00f1ar\u00e1 todo lo que debes saber para hablar como un nativo.\",\"breadcrumb\":{\"@id\":\"https:\/\/matuidiomas.com\/contacto\/#breadcrumb\"},\"inLanguage\":\"en-GB\",\"potentialAction\":[{\"@type\":\"ReadAction\",\"target\":[\"https:\/\/matuidiomas.com\/contacto\/\"]}]},{\"@type\":\"ImageObject\",\"inLanguage\":\"en-GB\",\"@id\":\"https:\/\/matuidiomas.com\/contacto\/#primaryimage\",\"url\":\"https:\/\/matuidiomas.com\/wp-content\/uploads\/2025\/01\/3-scaled.jpg\",\"contentUrl\":\"https:\/\/matuidiomas.com\/wp-content\/uploads\/2025\/01\/3-scaled.jpg\"},{\"@type\":\"BreadcrumbList\",\"@id\":\"https:\/\/matuidiomas.com\/contacto\/#breadcrumb\",\"itemListElement\":[{\"@type\":\"ListItem\",\"position\":1,\"name\":\"Portada\",\"item\":\"https:\/\/matuidiomas.com\/\"},{\"@type\":\"ListItem\",\"position\":2,\"name\":\"Contacto\"}]},{\"@type\":\"WebSite\",\"@id\":\"https:\/\/matuidiomas.com\/#website\",\"url\":\"https:\/\/matuidiomas.com\/\",\"name\":\"MatuIdiomas\",\"description\":\"\u00a1Aprende espa\u00f1ol de forma divertida!\",\"publisher\":{\"@id\":\"https:\/\/matuidiomas.com\/#organization\"},\"potentialAction\":[{\"@type\":\"SearchAction\",\"target\":{\"@type\":\"EntryPoint\",\"urlTemplate\":\"https:\/\/matuidiomas.com\/?s={search_term_string}\"},\"query-input\":{\"@type\":\"PropertyValueSpecification\",\"valueRequired\":true,\"valueName\":\"search_term_string\"}}],\"inLanguage\":\"en-GB\"},{\"@type\":[\"Organization\",\"Place\"],\"@id\":\"https:\/\/matuidiomas.com\/#organization\",\"name\":\"MatuIdiomas\",\"alternateName\":\"MatuIdiomas\",\"url\":\"https:\/\/matuidiomas.com\/\",\"logo\":{\"@id\":\"https:\/\/matuidiomas.com\/contacto\/#local-main-organization-logo\"},\"image\":{\"@id\":\"https:\/\/matuidiomas.com\/contacto\/#local-main-organization-logo\"},\"sameAs\":[\"https:\/\/www.facebook.com\/matuIdiomas\",\"https:\/\/x.com\/matuidiomas\",\"https:\/\/www.instagram.com\/matuidiomas\/\"],\"description\":\"MatuIdiomas es una academia especializada en la ense\u00f1anza del espa\u00f1ol como lengua extranjera, dirigida a personas de todo el mundo que desean aprender y dominar este idioma de manera efectiva, din\u00e1mica y culturalmente enriquecedora. En MatuIdiomas, entendemos que aprender un idioma va mucho m\u00e1s all\u00e1 de memorizar reglas gramaticales: es una experiencia que conecta al estudiante con nuevas formas de pensar, expresarse y comprender el mundo. Por eso, ofrecemos una metodolog\u00eda comunicativa, centrada en la interacci\u00f3n real, el uso pr\u00e1ctico del idioma y la inmersi\u00f3n en la cultura hispanohablante.\",\"telephone\":[],\"openingHoursSpecification\":[{\"@type\":\"OpeningHoursSpecification\",\"dayOfWeek\":[\"Monday\",\"Tuesday\",\"Wednesday\",\"Thursday\",\"Friday\",\"Saturday\",\"Sunday\"],\"opens\":\"09:00\",\"closes\":\"17:00\"}]},{\"@type\":\"ImageObject\",\"inLanguage\":\"en-GB\",\"@id\":\"https:\/\/matuidiomas.com\/contacto\/#local-main-organization-logo\",\"url\":\"https:\/\/matuidiomas.com\/wp-content\/uploads\/2024\/12\/matu_favicon.png\",\"contentUrl\":\"https:\/\/matuidiomas.com\/wp-content\/uploads\/2024\/12\/matu_favicon.png\",\"width\":512,\"height\":512,\"caption\":\"MatuIdiomas\"}]}<\/script>\n<!-- \/ Yoast SEO Premium plugin. -->","yoast_head_json":{"title":"Contacto - MatuIdiomas","description":"Ponte en contacto con tu nueva profesora de espa\u00f1ol, Martina. Ella te ense\u00f1ar\u00e1 todo lo que debes saber para hablar como un nativo.","robots":{"index":"index","follow":"follow","max-snippet":"max-snippet:-1","max-image-preview":"max-image-preview:large","max-video-preview":"max-video-preview:-1"},"canonical":"https:\/\/matuidiomas.com\/en\/contacto\/","og_locale":"en_GB","og_type":"article","og_title":"Contacto","og_description":"Ponte en contacto con tu nueva profesora de espa\u00f1ol, Martina. Ella te ense\u00f1ar\u00e1 todo lo que debes saber para hablar como un nativo.","og_url":"https:\/\/matuidiomas.com\/en\/contacto\/","og_site_name":"MatuIdiomas","article_publisher":"https:\/\/www.facebook.com\/matuIdiomas","article_modified_time":"2025-05-07T21:57:31+00:00","og_image":[{"url":"https:\/\/matuidiomas.com\/wp-content\/uploads\/2025\/01\/3-scaled.jpg","type":"","width":"","height":""}],"twitter_card":"summary_large_image","twitter_site":"@matuidiomas","twitter_misc":{"Estimated reading time":"1 minute"},"schema":{"@context":"https:\/\/schema.org","@graph":[{"@type":"WebPage","@id":"https:\/\/matuidiomas.com\/contacto\/","url":"https:\/\/matuidiomas.com\/contacto\/","name":"Contacto - MatuIdiomas","isPartOf":{"@id":"https:\/\/matuidiomas.com\/#website"},"primaryImageOfPage":{"@id":"https:\/\/matuidiomas.com\/contacto\/#primaryimage"},"image":{"@id":"https:\/\/matuidiomas.com\/contacto\/#primaryimage"},"thumbnailUrl":"https:\/\/matuidiomas.com\/wp-content\/uploads\/2025\/01\/3-scaled.jpg","datePublished":"2024-12-19T16:31:29+00:00","dateModified":"2025-05-07T21:57:31+00:00","description":"Ponte en contacto con tu nueva profesora de espa\u00f1ol, Martina. Ella te ense\u00f1ar\u00e1 todo lo que debes saber para hablar como un nativo.","breadcrumb":{"@id":"https:\/\/matuidiomas.com\/contacto\/#breadcrumb"},"inLanguage":"en-GB","potentialAction":[{"@type":"ReadAction","target":["https:\/\/matuidiomas.com\/contacto\/"]}]},{"@type":"ImageObject","inLanguage":"en-GB","@id":"https:\/\/matuidiomas.com\/contacto\/#primaryimage","url":"https:\/\/matuidiomas.com\/wp-content\/uploads\/2025\/01\/3-scaled.jpg","contentUrl":"https:\/\/matuidiomas.com\/wp-content\/uploads\/2025\/01\/3-scaled.jpg"},{"@type":"BreadcrumbList","@id":"https:\/\/matuidiomas.com\/contacto\/#breadcrumb","itemListElement":[{"@type":"ListItem","position":1,"name":"Portada","item":"https:\/\/matuidiomas.com\/"},{"@type":"ListItem","position":2,"name":"Contacto"}]},{"@type":"WebSite","@id":"https:\/\/matuidiomas.com\/#website","url":"https:\/\/matuidiomas.com\/","name":"MatuIdiomas","description":"\u00a1Aprende espa\u00f1ol de forma divertida!","publisher":{"@id":"https:\/\/matuidiomas.com\/#organization"},"potentialAction":[{"@type":"SearchAction","target":{"@type":"EntryPoint","urlTemplate":"https:\/\/matuidiomas.com\/?s={search_term_string}"},"query-input":{"@type":"PropertyValueSpecification","valueRequired":true,"valueName":"search_term_string"}}],"inLanguage":"en-GB"},{"@type":["Organization","Place"],"@id":"https:\/\/matuidiomas.com\/#organization","name":"MatuIdiomas","alternateName":"MatuIdiomas","url":"https:\/\/matuidiomas.com\/","logo":{"@id":"https:\/\/matuidiomas.com\/contacto\/#local-main-organization-logo"},"image":{"@id":"https:\/\/matuidiomas.com\/contacto\/#local-main-organization-logo"},"sameAs":["https:\/\/www.facebook.com\/matuIdiomas","https:\/\/x.com\/matuidiomas","https:\/\/www.instagram.com\/matuidiomas\/"],"description":"MatuIdiomas es una academia especializada en la ense\u00f1anza del espa\u00f1ol como lengua extranjera, dirigida a personas de todo el mundo que desean aprender y dominar este idioma de manera efectiva, din\u00e1mica y culturalmente enriquecedora. En MatuIdiomas, entendemos que aprender un idioma va mucho m\u00e1s all\u00e1 de memorizar reglas gramaticales: es una experiencia que conecta al estudiante con nuevas formas de pensar, expresarse y comprender el mundo. Por eso, ofrecemos una metodolog\u00eda comunicativa, centrada en la interacci\u00f3n real, el uso pr\u00e1ctico del idioma y la inmersi\u00f3n en la cultura hispanohablante.","telephone":[],"openingHoursSpecification":[{"@type":"OpeningHoursSpecification","dayOfWeek":["Monday","Tuesday","Wednesday","Thursday","Friday","Saturday","Sunday"],"opens":"09:00","closes":"17:00"}]},{"@type":"ImageObject","inLanguage":"en-GB","@id":"https:\/\/matuidiomas.com\/contacto\/#local-main-organization-logo","url":"https:\/\/matuidiomas.com\/wp-content\/uploads\/2024\/12\/matu_favicon.png","contentUrl":"https:\/\/matuidiomas.com\/wp-content\/uploads\/2024\/12\/matu_favicon.png","width":512,"height":512,"caption":"MatuIdiomas"}]}},"jetpack_sharing_enabled":true,"_links":{"self":[{"href":"https:\/\/matuidiomas.com\/en\/wp-json\/wp\/v2\/pages\/3228","targetHints":{"allow":["GET"]}}],"collection":[{"href":"https:\/\/matuidiomas.com\/en\/wp-json\/wp\/v2\/pages"}],"about":[{"href":"https:\/\/matuidiomas.com\/en\/wp-json\/wp\/v2\/types\/page"}],"author":[{"embeddable":true,"href":"https:\/\/matuidiomas.com\/en\/wp-json\/wp\/v2\/users\/4"}],"replies":[{"embeddable":true,"href":"https:\/\/matuidiomas.com\/en\/wp-json\/wp\/v2\/comments?post=3228"}],"version-history":[{"count":653,"href":"https:\/\/matuidiomas.com\/en\/wp-json\/wp\/v2\/pages\/3228\/revisions"}],"predecessor-version":[{"id":10366,"href":"https:\/\/matuidiomas.com\/en\/wp-json\/wp\/v2\/pages\/3228\/revisions\/10366"}],"wp:attachment":[{"href":"https:\/\/matuidiomas.com\/en\/wp-json\/wp\/v2\/media?parent=3228"}],"curies":[{"name":"wp","href":"https:\/\/api.w.org\/{rel}","templated":true}]}}