{"id":3665,"date":"2024-12-24T15:23:08","date_gmt":"2024-12-24T15:23:08","guid":{"rendered":"https:\/\/matuidiomas.com\/?page_id=3665"},"modified":"2025-05-07T22:50:18","modified_gmt":"2025-05-07T21:50:18","slug":"politica-privacidad","status":"publish","type":"page","link":"https:\/\/matuidiomas.com\/en\/politica-privacidad\/","title":{"rendered":"Privacy Policy"},"content":{"rendered":"<div data-elementor-type=\"wp-page\" data-elementor-id=\"3665\" class=\"elementor elementor-3665\" data-elementor-post-type=\"page\">\n\t\t\t\t<div class=\"elementor-element elementor-element-196446ab e-flex e-con-boxed e-con e-parent\" data-id=\"196446ab\" data-element_type=\"container\" data-e-type=\"container\">\n\t\t\t\t\t<div class=\"e-con-inner\">\n\t\t\t\t<div class=\"elementor-element elementor-element-1f642301 elementor-widget elementor-widget-heading\" data-id=\"1f642301\" data-element_type=\"widget\" data-e-type=\"widget\" data-widget_type=\"heading.default\">\n\t\t\t\t<div class=\"elementor-widget-container\">\n\t\t\t\t\t<h2 class=\"elementor-heading-title elementor-size-default\">Privacy Policy<\/h2>\t\t\t\t<\/div>\n\t\t\t\t<\/div>\n\t\t\t\t\t<\/div>\n\t\t\t\t<\/div>\n\t\t<div class=\"elementor-element elementor-element-482b44a5 e-flex e-con-boxed e-con e-parent\" data-id=\"482b44a5\" data-element_type=\"container\" data-e-type=\"container\">\n\t\t\t\t\t<div class=\"e-con-inner\">\n\t\t\t\t<div class=\"elementor-element elementor-element-2b7a3771 elementor-widget elementor-widget-text-editor\" data-id=\"2b7a3771\" data-element_type=\"widget\" data-e-type=\"widget\" data-widget_type=\"text-editor.default\">\n\t\t\t\t<div class=\"elementor-widget-container\">\n\t\t\t\t\t\t\t\t\t<p><strong>Data Controller:<\/strong><br \/>MARTINA MARCELLI, with an address at Calle Isla Gomera, 14011 C\u00f3rdoba (Spain), hereinafter referred to as <strong>THE WEBSITE MANAGER<\/strong>, and whose contact email is <a href=\"mailto:hola@matudiomas.com\">hola@matuidiomas.com<\/a>.<\/p><h3>Data Collected on the Website and Purpose of Processing<\/h3><ul><li><strong>Name, surname, and email in contact forms:<\/strong> To establish direct contact with <strong>THE WEBSITE MANAGER<\/strong> and respond to inquiries, comments, or service requests.<\/li><li><strong>Name, surname, address, phone number, and email:<\/strong> To process payments for services or products.<\/li><li><strong>Name, phone number, and email for the newsletter:<\/strong> To send informational and commercial newsletters, with the user\u2019s consent.<\/li><li><strong>Email for the client area:<\/strong> To manage access and functionalities within the user\u2019s account.<\/li><\/ul><p>If the user is under 16 years old, they need parental or legal guardian authorization to provide their data.<\/p><h3>Forms on the Website<\/h3><ul><li><strong>Contact Form:<\/strong> To request information about services, quotes, or general inquiries.<\/li><\/ul><h3>Data Processors<\/h3><p>To offer its services, <strong>THE WEBSITE MANAGER<\/strong> requires the support of third parties with whom confidentiality agreements are established. Some of the data processors are:<\/p><ul><li><strong>Brevo:<\/strong> Marketing automation and email delivery.<\/li><li><strong>Google Analytics:<\/strong> Data analysis and web statistics.<\/li><li><strong>Facebook Pixel:<\/strong> Advertising campaign tracking.<\/li><li><strong>Paypal:<\/strong> Payment processing.<\/li><li><strong>Hostinger:<\/strong> Web hosting.<\/li><\/ul><h3>Newsletter Policy<\/h3><ul><li>Users subscribe voluntarily and can unsubscribe at any time.<\/li><li>The content of the newsletter is protected by copyright.<\/li><li>Subscriber data is not shared with third parties.<\/li><\/ul><h3>Data Retention Period<\/h3><ul><li><strong>Billing data:<\/strong> Stored according to legally established periods.<\/li><li><strong>Newsletter and blog comments data:<\/strong> Retained until the user requests data deletion.<\/li><\/ul><p>If users wish to exercise their rights of access, rectification, cancellation, portability, or objection, they can email <a href=\"mailto:hola@matudiomas.com\">hola@matuidiomas.com<\/a>.<\/p>\t\t\t\t\t\t\t\t<\/div>\n\t\t\t\t<\/div>\n\t\t\t\t\t<\/div>\n\t\t\t\t<\/div>\n\t\t\t\t<\/div>\n\t\t<p>Views: 6<\/p>","protected":false},"excerpt":{"rendered":"<p>Pol\u00edtica de Privacidad Responsable de los Datos Personales:MARTINA MARCELLI, con domicilio en Calle Isla Gomera, 14011 C\u00f3rdoba (Espa\u00f1a), en adelante EL GESTOR DEL SITIO WEB, y cuyo correo electr\u00f3nico de contacto es hola@matuidiomas.com. Datos Solicitados en el Sitio Web y Finalidad del Tratamiento Nombre, apellidos y correo electr\u00f3nico en los formularios de contacto: Para establecer [&hellip;]<\/p>\n","protected":false},"author":4,"featured_media":0,"parent":0,"menu_order":0,"comment_status":"closed","ping_status":"closed","template":"","meta":{"_acf_changed":false,"_surecart_dashboard_logo_width":"180px","_surecart_dashboard_show_logo":true,"_surecart_dashboard_navigation_orders":true,"_surecart_dashboard_navigation_invoices":true,"_surecart_dashboard_navigation_subscriptions":true,"_surecart_dashboard_navigation_downloads":true,"_surecart_dashboard_navigation_billing":true,"_surecart_dashboard_navigation_account":true,"footnotes":""},"class_list":["post-3665","page","type-page","status-publish","hentry"],"acf":[],"yoast_head":"<!-- This site is optimized with the Yoast SEO Premium plugin v25.5 (Yoast SEO v27.2) - https:\/\/yoast.com\/product\/yoast-seo-premium-wordpress\/ -->\n<title>Pol\u00edtica de Privacidad - MatuIdiomas<\/title>\n<meta name=\"robots\" content=\"index, follow, max-snippet:-1, max-image-preview:large, max-video-preview:-1\" \/>\n<link rel=\"canonical\" href=\"https:\/\/matuidiomas.com\/en\/politica-privacidad\/\" \/>\n<meta property=\"og:locale\" content=\"en_GB\" \/>\n<meta property=\"og:type\" content=\"article\" \/>\n<meta property=\"og:title\" content=\"Pol\u00edtica de Privacidad\" \/>\n<meta property=\"og:description\" content=\"Pol\u00edtica de Privacidad Responsable de los Datos Personales:MARTINA MARCELLI, con domicilio en Calle Isla Gomera, 14011 C\u00f3rdoba (Espa\u00f1a), en adelante EL GESTOR DEL SITIO WEB, y cuyo correo electr\u00f3nico de contacto es hola@matuidiomas.com. Datos Solicitados en el Sitio Web y Finalidad del Tratamiento Nombre, apellidos y correo electr\u00f3nico en los formularios de contacto: Para establecer [&hellip;]\" \/>\n<meta property=\"og:url\" content=\"https:\/\/matuidiomas.com\/en\/politica-privacidad\/\" \/>\n<meta property=\"og:site_name\" content=\"MatuIdiomas\" \/>\n<meta property=\"article:publisher\" content=\"https:\/\/www.facebook.com\/matuIdiomas\" \/>\n<meta property=\"article:modified_time\" content=\"2025-05-07T21:50:18+00:00\" \/>\n<meta name=\"twitter:card\" content=\"summary_large_image\" \/>\n<meta name=\"twitter:site\" content=\"@matuidiomas\" \/>\n<meta name=\"twitter:label1\" content=\"Estimated reading time\" \/>\n\t<meta name=\"twitter:data1\" content=\"2 minutes\" \/>\n<script type=\"application\/ld+json\" class=\"yoast-schema-graph\">{\"@context\":\"https:\/\/schema.org\",\"@graph\":[{\"@type\":\"WebPage\",\"@id\":\"https:\/\/matuidiomas.com\/politica-privacidad\/\",\"url\":\"https:\/\/matuidiomas.com\/politica-privacidad\/\",\"name\":\"Pol\u00edtica de Privacidad - MatuIdiomas\",\"isPartOf\":{\"@id\":\"https:\/\/matuidiomas.com\/#website\"},\"datePublished\":\"2024-12-24T15:23:08+00:00\",\"dateModified\":\"2025-05-07T21:50:18+00:00\",\"breadcrumb\":{\"@id\":\"https:\/\/matuidiomas.com\/politica-privacidad\/#breadcrumb\"},\"inLanguage\":\"en-GB\",\"potentialAction\":[{\"@type\":\"ReadAction\",\"target\":[\"https:\/\/matuidiomas.com\/politica-privacidad\/\"]}]},{\"@type\":\"BreadcrumbList\",\"@id\":\"https:\/\/matuidiomas.com\/politica-privacidad\/#breadcrumb\",\"itemListElement\":[{\"@type\":\"ListItem\",\"position\":1,\"name\":\"Portada\",\"item\":\"https:\/\/matuidiomas.com\/\"},{\"@type\":\"ListItem\",\"position\":2,\"name\":\"Pol\u00edtica de Privacidad\"}]},{\"@type\":\"WebSite\",\"@id\":\"https:\/\/matuidiomas.com\/#website\",\"url\":\"https:\/\/matuidiomas.com\/\",\"name\":\"MatuIdiomas\",\"description\":\"\u00a1Aprende espa\u00f1ol de forma divertida!\",\"publisher\":{\"@id\":\"https:\/\/matuidiomas.com\/#organization\"},\"potentialAction\":[{\"@type\":\"SearchAction\",\"target\":{\"@type\":\"EntryPoint\",\"urlTemplate\":\"https:\/\/matuidiomas.com\/?s={search_term_string}\"},\"query-input\":{\"@type\":\"PropertyValueSpecification\",\"valueRequired\":true,\"valueName\":\"search_term_string\"}}],\"inLanguage\":\"en-GB\"},{\"@type\":[\"Organization\",\"Place\"],\"@id\":\"https:\/\/matuidiomas.com\/#organization\",\"name\":\"MatuIdiomas\",\"alternateName\":\"MatuIdiomas\",\"url\":\"https:\/\/matuidiomas.com\/\",\"logo\":{\"@id\":\"https:\/\/matuidiomas.com\/politica-privacidad\/#local-main-organization-logo\"},\"image\":{\"@id\":\"https:\/\/matuidiomas.com\/politica-privacidad\/#local-main-organization-logo\"},\"sameAs\":[\"https:\/\/www.facebook.com\/matuIdiomas\",\"https:\/\/x.com\/matuidiomas\",\"https:\/\/www.instagram.com\/matuidiomas\/\"],\"description\":\"MatuIdiomas es una academia especializada en la ense\u00f1anza del espa\u00f1ol como lengua extranjera, dirigida a personas de todo el mundo que desean aprender y dominar este idioma de manera efectiva, din\u00e1mica y culturalmente enriquecedora. En MatuIdiomas, entendemos que aprender un idioma va mucho m\u00e1s all\u00e1 de memorizar reglas gramaticales: es una experiencia que conecta al estudiante con nuevas formas de pensar, expresarse y comprender el mundo. Por eso, ofrecemos una metodolog\u00eda comunicativa, centrada en la interacci\u00f3n real, el uso pr\u00e1ctico del idioma y la inmersi\u00f3n en la cultura hispanohablante.\",\"telephone\":[],\"openingHoursSpecification\":[{\"@type\":\"OpeningHoursSpecification\",\"dayOfWeek\":[\"Monday\",\"Tuesday\",\"Wednesday\",\"Thursday\",\"Friday\",\"Saturday\",\"Sunday\"],\"opens\":\"09:00\",\"closes\":\"17:00\"}]},{\"@type\":\"ImageObject\",\"inLanguage\":\"en-GB\",\"@id\":\"https:\/\/matuidiomas.com\/politica-privacidad\/#local-main-organization-logo\",\"url\":\"https:\/\/matuidiomas.com\/wp-content\/uploads\/2024\/12\/matu_favicon.png\",\"contentUrl\":\"https:\/\/matuidiomas.com\/wp-content\/uploads\/2024\/12\/matu_favicon.png\",\"width\":512,\"height\":512,\"caption\":\"MatuIdiomas\"}]}<\/script>\n<!-- \/ Yoast SEO Premium plugin. -->","yoast_head_json":{"title":"Pol\u00edtica de Privacidad - MatuIdiomas","robots":{"index":"index","follow":"follow","max-snippet":"max-snippet:-1","max-image-preview":"max-image-preview:large","max-video-preview":"max-video-preview:-1"},"canonical":"https:\/\/matuidiomas.com\/en\/politica-privacidad\/","og_locale":"en_GB","og_type":"article","og_title":"Pol\u00edtica de Privacidad","og_description":"Pol\u00edtica de Privacidad Responsable de los Datos Personales:MARTINA MARCELLI, con domicilio en Calle Isla Gomera, 14011 C\u00f3rdoba (Espa\u00f1a), en adelante EL GESTOR DEL SITIO WEB, y cuyo correo electr\u00f3nico de contacto es hola@matuidiomas.com. Datos Solicitados en el Sitio Web y Finalidad del Tratamiento Nombre, apellidos y correo electr\u00f3nico en los formularios de contacto: Para establecer [&hellip;]","og_url":"https:\/\/matuidiomas.com\/en\/politica-privacidad\/","og_site_name":"MatuIdiomas","article_publisher":"https:\/\/www.facebook.com\/matuIdiomas","article_modified_time":"2025-05-07T21:50:18+00:00","twitter_card":"summary_large_image","twitter_site":"@matuidiomas","twitter_misc":{"Estimated reading time":"2 minutes"},"schema":{"@context":"https:\/\/schema.org","@graph":[{"@type":"WebPage","@id":"https:\/\/matuidiomas.com\/politica-privacidad\/","url":"https:\/\/matuidiomas.com\/politica-privacidad\/","name":"Pol\u00edtica de Privacidad - MatuIdiomas","isPartOf":{"@id":"https:\/\/matuidiomas.com\/#website"},"datePublished":"2024-12-24T15:23:08+00:00","dateModified":"2025-05-07T21:50:18+00:00","breadcrumb":{"@id":"https:\/\/matuidiomas.com\/politica-privacidad\/#breadcrumb"},"inLanguage":"en-GB","potentialAction":[{"@type":"ReadAction","target":["https:\/\/matuidiomas.com\/politica-privacidad\/"]}]},{"@type":"BreadcrumbList","@id":"https:\/\/matuidiomas.com\/politica-privacidad\/#breadcrumb","itemListElement":[{"@type":"ListItem","position":1,"name":"Portada","item":"https:\/\/matuidiomas.com\/"},{"@type":"ListItem","position":2,"name":"Pol\u00edtica de Privacidad"}]},{"@type":"WebSite","@id":"https:\/\/matuidiomas.com\/#website","url":"https:\/\/matuidiomas.com\/","name":"MatuIdiomas","description":"\u00a1Aprende espa\u00f1ol de forma divertida!","publisher":{"@id":"https:\/\/matuidiomas.com\/#organization"},"potentialAction":[{"@type":"SearchAction","target":{"@type":"EntryPoint","urlTemplate":"https:\/\/matuidiomas.com\/?s={search_term_string}"},"query-input":{"@type":"PropertyValueSpecification","valueRequired":true,"valueName":"search_term_string"}}],"inLanguage":"en-GB"},{"@type":["Organization","Place"],"@id":"https:\/\/matuidiomas.com\/#organization","name":"MatuIdiomas","alternateName":"MatuIdiomas","url":"https:\/\/matuidiomas.com\/","logo":{"@id":"https:\/\/matuidiomas.com\/politica-privacidad\/#local-main-organization-logo"},"image":{"@id":"https:\/\/matuidiomas.com\/politica-privacidad\/#local-main-organization-logo"},"sameAs":["https:\/\/www.facebook.com\/matuIdiomas","https:\/\/x.com\/matuidiomas","https:\/\/www.instagram.com\/matuidiomas\/"],"description":"MatuIdiomas es una academia especializada en la ense\u00f1anza del espa\u00f1ol como lengua extranjera, dirigida a personas de todo el mundo que desean aprender y dominar este idioma de manera efectiva, din\u00e1mica y culturalmente enriquecedora. En MatuIdiomas, entendemos que aprender un idioma va mucho m\u00e1s all\u00e1 de memorizar reglas gramaticales: es una experiencia que conecta al estudiante con nuevas formas de pensar, expresarse y comprender el mundo. Por eso, ofrecemos una metodolog\u00eda comunicativa, centrada en la interacci\u00f3n real, el uso pr\u00e1ctico del idioma y la inmersi\u00f3n en la cultura hispanohablante.","telephone":[],"openingHoursSpecification":[{"@type":"OpeningHoursSpecification","dayOfWeek":["Monday","Tuesday","Wednesday","Thursday","Friday","Saturday","Sunday"],"opens":"09:00","closes":"17:00"}]},{"@type":"ImageObject","inLanguage":"en-GB","@id":"https:\/\/matuidiomas.com\/politica-privacidad\/#local-main-organization-logo","url":"https:\/\/matuidiomas.com\/wp-content\/uploads\/2024\/12\/matu_favicon.png","contentUrl":"https:\/\/matuidiomas.com\/wp-content\/uploads\/2024\/12\/matu_favicon.png","width":512,"height":512,"caption":"MatuIdiomas"}]}},"jetpack_sharing_enabled":true,"_links":{"self":[{"href":"https:\/\/matuidiomas.com\/en\/wp-json\/wp\/v2\/pages\/3665","targetHints":{"allow":["GET"]}}],"collection":[{"href":"https:\/\/matuidiomas.com\/en\/wp-json\/wp\/v2\/pages"}],"about":[{"href":"https:\/\/matuidiomas.com\/en\/wp-json\/wp\/v2\/types\/page"}],"author":[{"embeddable":true,"href":"https:\/\/matuidiomas.com\/en\/wp-json\/wp\/v2\/users\/4"}],"replies":[{"embeddable":true,"href":"https:\/\/matuidiomas.com\/en\/wp-json\/wp\/v2\/comments?post=3665"}],"version-history":[{"count":20,"href":"https:\/\/matuidiomas.com\/en\/wp-json\/wp\/v2\/pages\/3665\/revisions"}],"predecessor-version":[{"id":10364,"href":"https:\/\/matuidiomas.com\/en\/wp-json\/wp\/v2\/pages\/3665\/revisions\/10364"}],"wp:attachment":[{"href":"https:\/\/matuidiomas.com\/en\/wp-json\/wp\/v2\/media?parent=3665"}],"curies":[{"name":"wp","href":"https:\/\/api.w.org\/{rel}","templated":true}]}}