{"id":3667,"date":"2024-12-24T15:24:24","date_gmt":"2024-12-24T15:24:24","guid":{"rendered":"https:\/\/matuidiomas.com\/?page_id=3667"},"modified":"2025-05-07T23:01:29","modified_gmt":"2025-05-07T22:01:29","slug":"politica-cookies","status":"publish","type":"page","link":"https:\/\/matuidiomas.com\/en\/politica-cookies\/","title":{"rendered":"Pol\u00edtica de Cookies"},"content":{"rendered":"<div data-elementor-type=\"wp-page\" data-elementor-id=\"3667\" class=\"elementor elementor-3667\" data-elementor-post-type=\"page\">\n\t\t\t\t<div class=\"elementor-element elementor-element-65a7c221 e-flex e-con-boxed e-con e-parent\" data-id=\"65a7c221\" data-element_type=\"container\" data-e-type=\"container\">\n\t\t\t\t\t<div class=\"e-con-inner\">\n\t\t\t\t<div class=\"elementor-element elementor-element-105bed0f elementor-widget elementor-widget-heading\" data-id=\"105bed0f\" data-element_type=\"widget\" data-e-type=\"widget\" data-widget_type=\"heading.default\">\n\t\t\t\t<div class=\"elementor-widget-container\">\n\t\t\t\t\t<h2 class=\"elementor-heading-title elementor-size-default\">Pol\u00edtica de Cookies<\/h2>\t\t\t\t<\/div>\n\t\t\t\t<\/div>\n\t\t\t\t\t<\/div>\n\t\t\t\t<\/div>\n\t\t<div class=\"elementor-element elementor-element-c58251b e-flex e-con-boxed e-con e-parent\" data-id=\"c58251b\" data-element_type=\"container\" data-e-type=\"container\">\n\t\t\t\t\t<div class=\"e-con-inner\">\n\t\t\t\t<div class=\"elementor-element elementor-element-7a235f0e elementor-widget elementor-widget-text-editor\" data-id=\"7a235f0e\" data-element_type=\"widget\" data-e-type=\"widget\" data-widget_type=\"text-editor.default\">\n\t\t\t\t<div class=\"elementor-widget-container\">\n\t\t\t\t\t\t\t\t\t<p class=\"translation-block\">This website uses cookies to help personalize your online experience. By accessing <strong>MatuIdiomas<\/strong>, you agree to the use of required cookies.<\/p><p>A cookie is a text file placed on your hard drive by a web server. Cookies cannot be used to run programs or deliver viruses to your computer. Each cookie is uniquely assigned to you and can only be read by a web server in the domain that issued the cookie.<\/p><h3>Preliminary Considerations<\/h3><p class=\"translation-block\">The term <strong>user<\/strong> refers to anyone browsing the website <a href=\"https:\/\/matuidiomas.com\/en\/\">www.matuidiomas.com<\/a> (hereinafter referred to as \"the website\").<\/p><p class=\"translation-block\">The term <strong>editor<\/strong> refers to the owner of the website, which is <strong>MatuIdiomas<\/strong>.<\/p><h3>Definition and Function of Cookies<\/h3><p>Cookies are pieces of information stored in the user\u2019s browser to track previous activity and remember certain data for future visits.<\/p><p>Cookies can store technical data, usage statistics, profile customization, links to social networks, user preferences, and other functions.<\/p><h3>Types of Cookies<\/h3><h4>Based on Management Entity<\/h4><ul><li class=\"translation-block\"><strong>First-party cookies:<\/strong> Managed by the website owner.<\/li><li class=\"translation-block\"><strong>Third-party cookies:<\/strong> Managed by external entities.<\/li><\/ul><h4>Based on Purpose<\/h4><ul><li class=\"translation-block\"><strong>Technical cookies:<\/strong> Allow navigation and ensure the proper functioning of the website.<\/li><li class=\"translation-block\"><strong>Preference or personalization cookies:<\/strong> Save customized user settings.<\/li><li class=\"translation-block\"><strong>Analytics or measurement cookies:<\/strong> Track user behavior on the website.<\/li><li class=\"translation-block\"><strong>Behavioral advertising cookies:<\/strong> Enable the display of personalized ads.<\/li><\/ul><h4>Based on Duration<\/h4><ul><li class=\"translation-block\"><strong>Session cookies:<\/strong> Deleted when the user closes the browser.<\/li><li class=\"translation-block\"><strong>Persistent cookies:<\/strong> Remain on the user\u2019s device for a set period.<\/li><\/ul><h3>Consequences of Disabling Cookies<\/h3><p>If cookies are disabled, certain website functions may be affected, such as:<\/p><ul><li>Products cannot be stored in the shopping cart.<\/li><li>The user may not be able to access their account.<\/li><li>Browsing data cannot be collected to improve the experience.<\/li><li>Content cannot be shared on social media.<\/li><\/ul><h3>How to Disable or Delete Cookies<\/h3><p>Users can delete or block cookies at any time through their browser settings:<\/p><ul><li><a href=\"https:\/\/support.google.com\/chrome\/answer\/95647?hl=es\" target=\"_blank\" rel=\"noopener\">Google Chrome<\/a><\/li><li><a href=\"https:\/\/support.microsoft.com\/es-es\/help\/17442\/windows-internet-explorer-delete-manage-cookies\" target=\"_blank\" rel=\"noopener\">Internet Explorer<\/a><\/li><li><a href=\"https:\/\/www.mozilla.org\/es-ES\/privacy\/websites\/#cookies\" target=\"_blank\" rel=\"noopener\">Mozilla Firefox<\/a><\/li><li><a href=\"https:\/\/support.apple.com\/es-es\/guide\/safari\/sfri11471\/mac\" target=\"_blank\" rel=\"noopener\">Safari<\/a><\/li><\/ul><h3>Cookie Policy Notices<\/h3><p class=\"translation-block\">The <strong>Editor<\/strong> is not responsible for any technical failures users may experience on the website or their browser due to disabling cookies.<\/p><p>Users assume full responsibility for disabling or deleting cookies in their browser, as well as any resulting consequences.<\/p><h3>Contact<\/h3><p class=\"translation-block\">For any inquiries regarding the cookie policy, users can contact <strong>MatuIdiomas<\/strong> via email:<\/p><p><strong>Email:<\/strong> <a href=\"mailto:hola@matudiomas.com\">hola@matuidiomas.com<\/a><\/p>\t\t\t\t\t\t\t\t<\/div>\n\t\t\t\t<\/div>\n\t\t\t\t\t<\/div>\n\t\t\t\t<\/div>\n\t\t\t\t<\/div>\n\t\t<p>Views: 9<\/p>","protected":false},"excerpt":{"rendered":"<p>Pol\u00edtica de Cookies El sitio web utiliza cookies para ayudar a personalizar tu experiencia en l\u00ednea. Al acceder a MatuIdiomas, aceptas utilizar las cookies requeridas. Una cookie es un archivo de texto que se coloca en tu disco duro por un servidor de p\u00e1gina web. Las cookies no pueden utilizarse para ejecutar programas ni para [&hellip;]<\/p>\n","protected":false},"author":4,"featured_media":0,"parent":0,"menu_order":0,"comment_status":"closed","ping_status":"closed","template":"","meta":{"_acf_changed":false,"_surecart_dashboard_logo_width":"180px","_surecart_dashboard_show_logo":true,"_surecart_dashboard_navigation_orders":true,"_surecart_dashboard_navigation_invoices":true,"_surecart_dashboard_navigation_subscriptions":true,"_surecart_dashboard_navigation_downloads":true,"_surecart_dashboard_navigation_billing":true,"_surecart_dashboard_navigation_account":true,"footnotes":""},"class_list":["post-3667","page","type-page","status-publish","hentry"],"acf":[],"yoast_head":"<!-- This site is optimized with the Yoast SEO Premium plugin v25.5 (Yoast SEO v27.2) - https:\/\/yoast.com\/product\/yoast-seo-premium-wordpress\/ -->\n<title>Pol\u00edtica de Cookies - MatuIdiomas<\/title>\n<meta name=\"robots\" content=\"index, follow, max-snippet:-1, max-image-preview:large, max-video-preview:-1\" \/>\n<link rel=\"canonical\" href=\"https:\/\/matuidiomas.com\/en\/politica-cookies\/\" \/>\n<meta property=\"og:locale\" content=\"en_GB\" \/>\n<meta property=\"og:type\" content=\"article\" \/>\n<meta property=\"og:title\" content=\"Pol\u00edtica de Cookies\" \/>\n<meta property=\"og:description\" content=\"Pol\u00edtica de Cookies El sitio web utiliza cookies para ayudar a personalizar tu experiencia en l\u00ednea. Al acceder a MatuIdiomas, aceptas utilizar las cookies requeridas. Una cookie es un archivo de texto que se coloca en tu disco duro por un servidor de p\u00e1gina web. Las cookies no pueden utilizarse para ejecutar programas ni para [&hellip;]\" \/>\n<meta property=\"og:url\" content=\"https:\/\/matuidiomas.com\/en\/politica-cookies\/\" \/>\n<meta property=\"og:site_name\" content=\"MatuIdiomas\" \/>\n<meta property=\"article:publisher\" content=\"https:\/\/www.facebook.com\/matuIdiomas\" \/>\n<meta property=\"article:modified_time\" content=\"2025-05-07T22:01:29+00:00\" \/>\n<meta name=\"twitter:card\" content=\"summary_large_image\" \/>\n<meta name=\"twitter:site\" content=\"@matuidiomas\" \/>\n<meta name=\"twitter:label1\" content=\"Estimated reading time\" \/>\n\t<meta name=\"twitter:data1\" content=\"3 minutes\" \/>\n<script type=\"application\/ld+json\" class=\"yoast-schema-graph\">{\"@context\":\"https:\/\/schema.org\",\"@graph\":[{\"@type\":\"WebPage\",\"@id\":\"https:\/\/matuidiomas.com\/politica-cookies\/\",\"url\":\"https:\/\/matuidiomas.com\/politica-cookies\/\",\"name\":\"Pol\u00edtica de Cookies - MatuIdiomas\",\"isPartOf\":{\"@id\":\"https:\/\/matuidiomas.com\/#website\"},\"datePublished\":\"2024-12-24T15:24:24+00:00\",\"dateModified\":\"2025-05-07T22:01:29+00:00\",\"breadcrumb\":{\"@id\":\"https:\/\/matuidiomas.com\/politica-cookies\/#breadcrumb\"},\"inLanguage\":\"en-GB\",\"potentialAction\":[{\"@type\":\"ReadAction\",\"target\":[\"https:\/\/matuidiomas.com\/politica-cookies\/\"]}]},{\"@type\":\"BreadcrumbList\",\"@id\":\"https:\/\/matuidiomas.com\/politica-cookies\/#breadcrumb\",\"itemListElement\":[{\"@type\":\"ListItem\",\"position\":1,\"name\":\"Portada\",\"item\":\"https:\/\/matuidiomas.com\/\"},{\"@type\":\"ListItem\",\"position\":2,\"name\":\"Pol\u00edtica de Cookies\"}]},{\"@type\":\"WebSite\",\"@id\":\"https:\/\/matuidiomas.com\/#website\",\"url\":\"https:\/\/matuidiomas.com\/\",\"name\":\"MatuIdiomas\",\"description\":\"\u00a1Aprende espa\u00f1ol de forma divertida!\",\"publisher\":{\"@id\":\"https:\/\/matuidiomas.com\/#organization\"},\"potentialAction\":[{\"@type\":\"SearchAction\",\"target\":{\"@type\":\"EntryPoint\",\"urlTemplate\":\"https:\/\/matuidiomas.com\/?s={search_term_string}\"},\"query-input\":{\"@type\":\"PropertyValueSpecification\",\"valueRequired\":true,\"valueName\":\"search_term_string\"}}],\"inLanguage\":\"en-GB\"},{\"@type\":[\"Organization\",\"Place\"],\"@id\":\"https:\/\/matuidiomas.com\/#organization\",\"name\":\"MatuIdiomas\",\"alternateName\":\"MatuIdiomas\",\"url\":\"https:\/\/matuidiomas.com\/\",\"logo\":{\"@id\":\"https:\/\/matuidiomas.com\/politica-cookies\/#local-main-organization-logo\"},\"image\":{\"@id\":\"https:\/\/matuidiomas.com\/politica-cookies\/#local-main-organization-logo\"},\"sameAs\":[\"https:\/\/www.facebook.com\/matuIdiomas\",\"https:\/\/x.com\/matuidiomas\",\"https:\/\/www.instagram.com\/matuidiomas\/\"],\"description\":\"MatuIdiomas es una academia especializada en la ense\u00f1anza del espa\u00f1ol como lengua extranjera, dirigida a personas de todo el mundo que desean aprender y dominar este idioma de manera efectiva, din\u00e1mica y culturalmente enriquecedora. En MatuIdiomas, entendemos que aprender un idioma va mucho m\u00e1s all\u00e1 de memorizar reglas gramaticales: es una experiencia que conecta al estudiante con nuevas formas de pensar, expresarse y comprender el mundo. Por eso, ofrecemos una metodolog\u00eda comunicativa, centrada en la interacci\u00f3n real, el uso pr\u00e1ctico del idioma y la inmersi\u00f3n en la cultura hispanohablante.\",\"telephone\":[],\"openingHoursSpecification\":[{\"@type\":\"OpeningHoursSpecification\",\"dayOfWeek\":[\"Monday\",\"Tuesday\",\"Wednesday\",\"Thursday\",\"Friday\",\"Saturday\",\"Sunday\"],\"opens\":\"09:00\",\"closes\":\"17:00\"}]},{\"@type\":\"ImageObject\",\"inLanguage\":\"en-GB\",\"@id\":\"https:\/\/matuidiomas.com\/politica-cookies\/#local-main-organization-logo\",\"url\":\"https:\/\/matuidiomas.com\/wp-content\/uploads\/2024\/12\/matu_favicon.png\",\"contentUrl\":\"https:\/\/matuidiomas.com\/wp-content\/uploads\/2024\/12\/matu_favicon.png\",\"width\":512,\"height\":512,\"caption\":\"MatuIdiomas\"}]}<\/script>\n<!-- \/ Yoast SEO Premium plugin. -->","yoast_head_json":{"title":"Pol\u00edtica de Cookies - MatuIdiomas","robots":{"index":"index","follow":"follow","max-snippet":"max-snippet:-1","max-image-preview":"max-image-preview:large","max-video-preview":"max-video-preview:-1"},"canonical":"https:\/\/matuidiomas.com\/en\/politica-cookies\/","og_locale":"en_GB","og_type":"article","og_title":"Pol\u00edtica de Cookies","og_description":"Pol\u00edtica de Cookies El sitio web utiliza cookies para ayudar a personalizar tu experiencia en l\u00ednea. Al acceder a MatuIdiomas, aceptas utilizar las cookies requeridas. Una cookie es un archivo de texto que se coloca en tu disco duro por un servidor de p\u00e1gina web. Las cookies no pueden utilizarse para ejecutar programas ni para [&hellip;]","og_url":"https:\/\/matuidiomas.com\/en\/politica-cookies\/","og_site_name":"MatuIdiomas","article_publisher":"https:\/\/www.facebook.com\/matuIdiomas","article_modified_time":"2025-05-07T22:01:29+00:00","twitter_card":"summary_large_image","twitter_site":"@matuidiomas","twitter_misc":{"Estimated reading time":"3 minutes"},"schema":{"@context":"https:\/\/schema.org","@graph":[{"@type":"WebPage","@id":"https:\/\/matuidiomas.com\/politica-cookies\/","url":"https:\/\/matuidiomas.com\/politica-cookies\/","name":"Pol\u00edtica de Cookies - MatuIdiomas","isPartOf":{"@id":"https:\/\/matuidiomas.com\/#website"},"datePublished":"2024-12-24T15:24:24+00:00","dateModified":"2025-05-07T22:01:29+00:00","breadcrumb":{"@id":"https:\/\/matuidiomas.com\/politica-cookies\/#breadcrumb"},"inLanguage":"en-GB","potentialAction":[{"@type":"ReadAction","target":["https:\/\/matuidiomas.com\/politica-cookies\/"]}]},{"@type":"BreadcrumbList","@id":"https:\/\/matuidiomas.com\/politica-cookies\/#breadcrumb","itemListElement":[{"@type":"ListItem","position":1,"name":"Portada","item":"https:\/\/matuidiomas.com\/"},{"@type":"ListItem","position":2,"name":"Pol\u00edtica de Cookies"}]},{"@type":"WebSite","@id":"https:\/\/matuidiomas.com\/#website","url":"https:\/\/matuidiomas.com\/","name":"MatuIdiomas","description":"\u00a1Aprende espa\u00f1ol de forma divertida!","publisher":{"@id":"https:\/\/matuidiomas.com\/#organization"},"potentialAction":[{"@type":"SearchAction","target":{"@type":"EntryPoint","urlTemplate":"https:\/\/matuidiomas.com\/?s={search_term_string}"},"query-input":{"@type":"PropertyValueSpecification","valueRequired":true,"valueName":"search_term_string"}}],"inLanguage":"en-GB"},{"@type":["Organization","Place"],"@id":"https:\/\/matuidiomas.com\/#organization","name":"MatuIdiomas","alternateName":"MatuIdiomas","url":"https:\/\/matuidiomas.com\/","logo":{"@id":"https:\/\/matuidiomas.com\/politica-cookies\/#local-main-organization-logo"},"image":{"@id":"https:\/\/matuidiomas.com\/politica-cookies\/#local-main-organization-logo"},"sameAs":["https:\/\/www.facebook.com\/matuIdiomas","https:\/\/x.com\/matuidiomas","https:\/\/www.instagram.com\/matuidiomas\/"],"description":"MatuIdiomas es una academia especializada en la ense\u00f1anza del espa\u00f1ol como lengua extranjera, dirigida a personas de todo el mundo que desean aprender y dominar este idioma de manera efectiva, din\u00e1mica y culturalmente enriquecedora. En MatuIdiomas, entendemos que aprender un idioma va mucho m\u00e1s all\u00e1 de memorizar reglas gramaticales: es una experiencia que conecta al estudiante con nuevas formas de pensar, expresarse y comprender el mundo. Por eso, ofrecemos una metodolog\u00eda comunicativa, centrada en la interacci\u00f3n real, el uso pr\u00e1ctico del idioma y la inmersi\u00f3n en la cultura hispanohablante.","telephone":[],"openingHoursSpecification":[{"@type":"OpeningHoursSpecification","dayOfWeek":["Monday","Tuesday","Wednesday","Thursday","Friday","Saturday","Sunday"],"opens":"09:00","closes":"17:00"}]},{"@type":"ImageObject","inLanguage":"en-GB","@id":"https:\/\/matuidiomas.com\/politica-cookies\/#local-main-organization-logo","url":"https:\/\/matuidiomas.com\/wp-content\/uploads\/2024\/12\/matu_favicon.png","contentUrl":"https:\/\/matuidiomas.com\/wp-content\/uploads\/2024\/12\/matu_favicon.png","width":512,"height":512,"caption":"MatuIdiomas"}]}},"jetpack_sharing_enabled":true,"_links":{"self":[{"href":"https:\/\/matuidiomas.com\/en\/wp-json\/wp\/v2\/pages\/3667","targetHints":{"allow":["GET"]}}],"collection":[{"href":"https:\/\/matuidiomas.com\/en\/wp-json\/wp\/v2\/pages"}],"about":[{"href":"https:\/\/matuidiomas.com\/en\/wp-json\/wp\/v2\/types\/page"}],"author":[{"embeddable":true,"href":"https:\/\/matuidiomas.com\/en\/wp-json\/wp\/v2\/users\/4"}],"replies":[{"embeddable":true,"href":"https:\/\/matuidiomas.com\/en\/wp-json\/wp\/v2\/comments?post=3667"}],"version-history":[{"count":17,"href":"https:\/\/matuidiomas.com\/en\/wp-json\/wp\/v2\/pages\/3667\/revisions"}],"predecessor-version":[{"id":10369,"href":"https:\/\/matuidiomas.com\/en\/wp-json\/wp\/v2\/pages\/3667\/revisions\/10369"}],"wp:attachment":[{"href":"https:\/\/matuidiomas.com\/en\/wp-json\/wp\/v2\/media?parent=3667"}],"curies":[{"name":"wp","href":"https:\/\/api.w.org\/{rel}","templated":true}]}}