{"id":9901,"date":"2025-02-22T15:35:48","date_gmt":"2025-02-22T14:35:48","guid":{"rendered":"https:\/\/matuidiomas.com\/pago\/"},"modified":"2025-07-17T11:28:53","modified_gmt":"2025-07-17T10:28:53","slug":"pago","status":"publish","type":"page","link":"https:\/\/matuidiomas.com\/en\/pago\/","title":{"rendered":"Pago"},"content":{"rendered":"<div class=\"wp-block-surecart-checkout-form\"><sc-checkout\n\tclass=\"checkout\"\n\tid=\"sc-checkout-9900\"\n\tstyle=\"text-align: left;--sc-form-row-spacing: 25px;\"\n\tmodified=\"2025-05-01 10:08:07\"\n\talignment=\"\"\n\tsuccess-url=\"\"\n>\n\t<sc-form>\n\t\t\t\t\t<sc-checkbox name=\"get_feedback\" value=\"Feedback\" style=\"display: none !important;\"><\/sc-checkbox>\n\t\t\t\t\n\n<div class=\"wp-block-surecart-columns is-full-height is-reversed-on-mobile has-background is-layout-flex wp-container-surecart-columns-is-layout-6516cd2e wp-block-surecart-columns-is-layout-flex\" style=\"background-color:#f3f4f6\">\n<div class=\"wp-block-surecart-column is-layout-constrained is-horizontally-aligned-right has-white-background-color has-background\" style=\"padding-top:60px;padding-right:60px;padding-bottom:60px;padding-left:60px;--sc-column-content-width:450px;--sc-form-row-spacing:30px\">\n\t\t<div>\n\n\t\t\t\t\t<div style=\"\">\n\t\t\n\t\t\t<img\n\t\t\t\tsrc=\"https:\/\/media.surecart.com\/zydsvo72ij7j78s4rlzz590a1eva\"\n\t\t\t\tstyle=\"object-fit: contain; object-position: left;width: 219px; max-width: 180px; max-height: 30px; \"\n\t\t\t\talt=\"\"\n\t\t\t\/>\n\n\t\t\t\t\t<\/div>\n\t\t\n\t\t<\/div>\n\n\t\t\n\n\n<sc-checkout-form-errors><\/sc-checkout-form-errors>\n\n\n\n<sc-customer-name label=\"Nombre\" required class=\"wp-block-surecart-name\"><\/sc-customer-name>\n\n\n\n\t\t<sc-customer-email\n\t\t\tclass=\"\"\n\t\t\tlabel=\"Email\"\n\t\t\t\t\t\t\t\t\t\t\t\ttracking-confirmation-message=\"Your email and cart are saved so we can send email reminders about this order.\"\t\t\trequired\n\t\t\tautocomplete='email'\n\t\t\tinputmode='email'\n\t\t>\n\t\t<\/sc-customer-email>\n\n\t\t\n\n\n<sc-checkbox name=\"checkbox\" value=\"on\" required>Estoy de acuerdo y acepto los <a href=\"https:\/\/matuidiomas.com\/en\/terms-conditions\/\" data-type=\"page\" data-id=\"3658\" target=\"_blank\" rel=\"noreferrer noopener\"><strong>t\u00e9rminos y condiciones<\/strong><\/a> del sitio.<\/sc-checkbox>\n\n\n\n\t\t<sc-payment\n\t\t\tid=\"sc-payment-0\"\n\t\t\tclass=\"\"\n\t\t>\n\t\t\t\t\t\t\t<sc-stripe-payment-element slot=\"stripe\"><\/sc-stripe-payment-element>\n\t\t\t\n\t\t\t\t\t<\/sc-payment>\n\t\t\n\n\t\t<sc-order-submit\n\t\t\ttype=\"primary\"\n\t\t\tfull=\"true\"\n\t\t\tsize=\"large\"\n\t\t\ticon=\"lock\"\t\t\tshow-total=\"true\"\n\t\t\tsecure-notice=\"true\"\n\t\t\tsecure-notice-text=\"\u00c1rea encriptada de pago seguro.\"\n\t\t\t\t\t\t\t\t\tclass=\"wp-block-surecart-submit\"\n\t\t>Purchase<\/sc-order-submit>\n\t\t<\/div>\n\n\n\n<div class=\"wp-block-surecart-column is-sticky is-layout-constrained is-horizontally-aligned-left\" style=\"padding-top:60px;padding-right:60px;padding-bottom:60px;padding-left:60px;--sc-column-content-width:450px;--sc-form-row-spacing:30px\">\n<sc-order-summary collapsible=\"1\" order-summary-text=\"Resumen\" invoice-summary-text=\"Invoice Summary\" collapsed-on-mobile=\"1\" class=\"wp-block-surecart-totals\">\n<sc-divider><\/sc-divider>\n\n\n\n<sc-line-items removable=\"1\" editable=\"1\" class=\"wp-block-surecart-line-items\"><\/sc-line-items>\n\n\n\n<sc-divider><\/sc-divider>\n\n\n\n<sc-line-item-total total=\"subtotal\" class=\"wp-block-surecart-subtotal\"><span slot=\"description\">Subtotal<\/span><span slot=\"total-payments-description\">Total pago a plazos<\/span><span slot=\"first-payment-subtotal-description\">Pago inicial<\/span><\/sc-line-item-total>\n\n\n<sc-line-item-trial class=\"wp-block-surecart-trial-line-item\" label=\"Trial\"><\/sc-line-item-trial>\n\n\t\t<sc-order-coupon-form\n\t\t\tlabel=\"\"\n\t\t\tplaceholder=\"Introduce el c\u00f3digo del cup\u00f3n\"\n\t\t\tbutton-text=\"\"\n\t\t\tcollapsed>\n\t\t<\/sc-order-coupon-form>\n\t\t\n\n\n<sc-line-item-tax class=\"wp-block-surecart-tax-line-item\"><\/sc-line-item-tax>\n\n\n\n<sc-divider><\/sc-divider>\n\n\n\n<sc-line-item-total total=\"total\" size=\"large\" show-currency=\"1\" class=\"wp-block-surecart-total\"><span slot=\"title\">Total<\/span><span slot=\"subscription-title\">Total Due Today<\/span><span slot=\"first-payment-total-description\">Subtotal<\/span><span slot=\"free-trial-description\">Periodo de prueba<\/span><span slot=\"due-amount-description\">Importe pendiente<\/span><\/sc-line-item-total>\n<\/sc-order-summary>\n<\/div>\n<\/div>\n\n\t<\/sc-form>\n<\/sc-checkout>\n<\/div>\n\n\n<p><\/p>\n<p>Views: 31<\/p>","protected":false},"excerpt":{"rendered":"<p>Views: 31<\/p>","protected":false},"author":1,"featured_media":0,"parent":0,"menu_order":0,"comment_status":"closed","ping_status":"closed","template":"pages\/template-surecart-blank.php","meta":{"_acf_changed":false,"_surecart_dashboard_logo_width":"180px","_surecart_dashboard_show_logo":true,"_surecart_dashboard_navigation_orders":true,"_surecart_dashboard_navigation_invoices":true,"_surecart_dashboard_navigation_subscriptions":true,"_surecart_dashboard_navigation_downloads":true,"_surecart_dashboard_navigation_billing":true,"_surecart_dashboard_navigation_account":true,"footnotes":""},"class_list":["post-9901","page","type-page","status-publish","hentry"],"acf":[],"yoast_head":"<!-- This site is optimized with the Yoast SEO Premium plugin v25.5 (Yoast SEO v27.2) - https:\/\/yoast.com\/product\/yoast-seo-premium-wordpress\/ -->\n<title>Pago - MatuIdiomas<\/title>\n<meta name=\"robots\" content=\"index, follow, max-snippet:-1, max-image-preview:large, max-video-preview:-1\" \/>\n<link rel=\"canonical\" href=\"https:\/\/matuidiomas.com\/en\/pago\/\" \/>\n<meta property=\"og:locale\" content=\"en_GB\" \/>\n<meta property=\"og:type\" content=\"article\" \/>\n<meta property=\"og:title\" content=\"Pago\" \/>\n<meta property=\"og:description\" content=\"Views: 31\" \/>\n<meta property=\"og:url\" content=\"https:\/\/matuidiomas.com\/en\/pago\/\" \/>\n<meta property=\"og:site_name\" content=\"MatuIdiomas\" \/>\n<meta property=\"article:publisher\" content=\"https:\/\/www.facebook.com\/matuIdiomas\" \/>\n<meta property=\"article:modified_time\" content=\"2025-07-17T10:28:53+00:00\" \/>\n<meta name=\"twitter:card\" content=\"summary_large_image\" \/>\n<meta name=\"twitter:site\" content=\"@matuidiomas\" \/>\n<script type=\"application\/ld+json\" class=\"yoast-schema-graph\">{\"@context\":\"https:\/\/schema.org\",\"@graph\":[{\"@type\":\"WebPage\",\"@id\":\"https:\/\/matuidiomas.com\/pago\/\",\"url\":\"https:\/\/matuidiomas.com\/pago\/\",\"name\":\"Pago - MatuIdiomas\",\"isPartOf\":{\"@id\":\"https:\/\/matuidiomas.com\/#website\"},\"datePublished\":\"2025-02-22T14:35:48+00:00\",\"dateModified\":\"2025-07-17T10:28:53+00:00\",\"breadcrumb\":{\"@id\":\"https:\/\/matuidiomas.com\/pago\/#breadcrumb\"},\"inLanguage\":\"en-GB\",\"potentialAction\":[{\"@type\":\"ReadAction\",\"target\":[\"https:\/\/matuidiomas.com\/pago\/\"]}]},{\"@type\":\"BreadcrumbList\",\"@id\":\"https:\/\/matuidiomas.com\/pago\/#breadcrumb\",\"itemListElement\":[{\"@type\":\"ListItem\",\"position\":1,\"name\":\"Portada\",\"item\":\"https:\/\/matuidiomas.com\/\"},{\"@type\":\"ListItem\",\"position\":2,\"name\":\"Pago\"}]},{\"@type\":\"WebSite\",\"@id\":\"https:\/\/matuidiomas.com\/#website\",\"url\":\"https:\/\/matuidiomas.com\/\",\"name\":\"MatuIdiomas\",\"description\":\"\u00a1Aprende espa\u00f1ol de forma divertida!\",\"publisher\":{\"@id\":\"https:\/\/matuidiomas.com\/#organization\"},\"potentialAction\":[{\"@type\":\"SearchAction\",\"target\":{\"@type\":\"EntryPoint\",\"urlTemplate\":\"https:\/\/matuidiomas.com\/?s={search_term_string}\"},\"query-input\":{\"@type\":\"PropertyValueSpecification\",\"valueRequired\":true,\"valueName\":\"search_term_string\"}}],\"inLanguage\":\"en-GB\"},{\"@type\":[\"Organization\",\"Place\"],\"@id\":\"https:\/\/matuidiomas.com\/#organization\",\"name\":\"MatuIdiomas\",\"alternateName\":\"MatuIdiomas\",\"url\":\"https:\/\/matuidiomas.com\/\",\"logo\":{\"@id\":\"https:\/\/matuidiomas.com\/pago\/#local-main-organization-logo\"},\"image\":{\"@id\":\"https:\/\/matuidiomas.com\/pago\/#local-main-organization-logo\"},\"sameAs\":[\"https:\/\/www.facebook.com\/matuIdiomas\",\"https:\/\/x.com\/matuidiomas\",\"https:\/\/www.instagram.com\/matuidiomas\/\"],\"description\":\"MatuIdiomas es una academia especializada en la ense\u00f1anza del espa\u00f1ol como lengua extranjera, dirigida a personas de todo el mundo que desean aprender y dominar este idioma de manera efectiva, din\u00e1mica y culturalmente enriquecedora. En MatuIdiomas, entendemos que aprender un idioma va mucho m\u00e1s all\u00e1 de memorizar reglas gramaticales: es una experiencia que conecta al estudiante con nuevas formas de pensar, expresarse y comprender el mundo. Por eso, ofrecemos una metodolog\u00eda comunicativa, centrada en la interacci\u00f3n real, el uso pr\u00e1ctico del idioma y la inmersi\u00f3n en la cultura hispanohablante.\",\"telephone\":[],\"openingHoursSpecification\":[{\"@type\":\"OpeningHoursSpecification\",\"dayOfWeek\":[\"Monday\",\"Tuesday\",\"Wednesday\",\"Thursday\",\"Friday\",\"Saturday\",\"Sunday\"],\"opens\":\"09:00\",\"closes\":\"17:00\"}]},{\"@type\":\"ImageObject\",\"inLanguage\":\"en-GB\",\"@id\":\"https:\/\/matuidiomas.com\/pago\/#local-main-organization-logo\",\"url\":\"https:\/\/matuidiomas.com\/wp-content\/uploads\/2024\/12\/matu_favicon.png\",\"contentUrl\":\"https:\/\/matuidiomas.com\/wp-content\/uploads\/2024\/12\/matu_favicon.png\",\"width\":512,\"height\":512,\"caption\":\"MatuIdiomas\"}]}<\/script>\n<!-- \/ Yoast SEO Premium plugin. -->","yoast_head_json":{"title":"Pago - MatuIdiomas","robots":{"index":"index","follow":"follow","max-snippet":"max-snippet:-1","max-image-preview":"max-image-preview:large","max-video-preview":"max-video-preview:-1"},"canonical":"https:\/\/matuidiomas.com\/en\/pago\/","og_locale":"en_GB","og_type":"article","og_title":"Pago","og_description":"Views: 31","og_url":"https:\/\/matuidiomas.com\/en\/pago\/","og_site_name":"MatuIdiomas","article_publisher":"https:\/\/www.facebook.com\/matuIdiomas","article_modified_time":"2025-07-17T10:28:53+00:00","twitter_card":"summary_large_image","twitter_site":"@matuidiomas","schema":{"@context":"https:\/\/schema.org","@graph":[{"@type":"WebPage","@id":"https:\/\/matuidiomas.com\/pago\/","url":"https:\/\/matuidiomas.com\/pago\/","name":"Pago - MatuIdiomas","isPartOf":{"@id":"https:\/\/matuidiomas.com\/#website"},"datePublished":"2025-02-22T14:35:48+00:00","dateModified":"2025-07-17T10:28:53+00:00","breadcrumb":{"@id":"https:\/\/matuidiomas.com\/pago\/#breadcrumb"},"inLanguage":"en-GB","potentialAction":[{"@type":"ReadAction","target":["https:\/\/matuidiomas.com\/pago\/"]}]},{"@type":"BreadcrumbList","@id":"https:\/\/matuidiomas.com\/pago\/#breadcrumb","itemListElement":[{"@type":"ListItem","position":1,"name":"Portada","item":"https:\/\/matuidiomas.com\/"},{"@type":"ListItem","position":2,"name":"Pago"}]},{"@type":"WebSite","@id":"https:\/\/matuidiomas.com\/#website","url":"https:\/\/matuidiomas.com\/","name":"MatuIdiomas","description":"\u00a1Aprende espa\u00f1ol de forma divertida!","publisher":{"@id":"https:\/\/matuidiomas.com\/#organization"},"potentialAction":[{"@type":"SearchAction","target":{"@type":"EntryPoint","urlTemplate":"https:\/\/matuidiomas.com\/?s={search_term_string}"},"query-input":{"@type":"PropertyValueSpecification","valueRequired":true,"valueName":"search_term_string"}}],"inLanguage":"en-GB"},{"@type":["Organization","Place"],"@id":"https:\/\/matuidiomas.com\/#organization","name":"MatuIdiomas","alternateName":"MatuIdiomas","url":"https:\/\/matuidiomas.com\/","logo":{"@id":"https:\/\/matuidiomas.com\/pago\/#local-main-organization-logo"},"image":{"@id":"https:\/\/matuidiomas.com\/pago\/#local-main-organization-logo"},"sameAs":["https:\/\/www.facebook.com\/matuIdiomas","https:\/\/x.com\/matuidiomas","https:\/\/www.instagram.com\/matuidiomas\/"],"description":"MatuIdiomas es una academia especializada en la ense\u00f1anza del espa\u00f1ol como lengua extranjera, dirigida a personas de todo el mundo que desean aprender y dominar este idioma de manera efectiva, din\u00e1mica y culturalmente enriquecedora. En MatuIdiomas, entendemos que aprender un idioma va mucho m\u00e1s all\u00e1 de memorizar reglas gramaticales: es una experiencia que conecta al estudiante con nuevas formas de pensar, expresarse y comprender el mundo. Por eso, ofrecemos una metodolog\u00eda comunicativa, centrada en la interacci\u00f3n real, el uso pr\u00e1ctico del idioma y la inmersi\u00f3n en la cultura hispanohablante.","telephone":[],"openingHoursSpecification":[{"@type":"OpeningHoursSpecification","dayOfWeek":["Monday","Tuesday","Wednesday","Thursday","Friday","Saturday","Sunday"],"opens":"09:00","closes":"17:00"}]},{"@type":"ImageObject","inLanguage":"en-GB","@id":"https:\/\/matuidiomas.com\/pago\/#local-main-organization-logo","url":"https:\/\/matuidiomas.com\/wp-content\/uploads\/2024\/12\/matu_favicon.png","contentUrl":"https:\/\/matuidiomas.com\/wp-content\/uploads\/2024\/12\/matu_favicon.png","width":512,"height":512,"caption":"MatuIdiomas"}]}},"jetpack_sharing_enabled":true,"_links":{"self":[{"href":"https:\/\/matuidiomas.com\/en\/wp-json\/wp\/v2\/pages\/9901","targetHints":{"allow":["GET"]}}],"collection":[{"href":"https:\/\/matuidiomas.com\/en\/wp-json\/wp\/v2\/pages"}],"about":[{"href":"https:\/\/matuidiomas.com\/en\/wp-json\/wp\/v2\/types\/page"}],"author":[{"embeddable":true,"href":"https:\/\/matuidiomas.com\/en\/wp-json\/wp\/v2\/users\/1"}],"replies":[{"embeddable":true,"href":"https:\/\/matuidiomas.com\/en\/wp-json\/wp\/v2\/comments?post=9901"}],"version-history":[{"count":2,"href":"https:\/\/matuidiomas.com\/en\/wp-json\/wp\/v2\/pages\/9901\/revisions"}],"predecessor-version":[{"id":10323,"href":"https:\/\/matuidiomas.com\/en\/wp-json\/wp\/v2\/pages\/9901\/revisions\/10323"}],"wp:attachment":[{"href":"https:\/\/matuidiomas.com\/en\/wp-json\/wp\/v2\/media?parent=9901"}],"curies":[{"name":"wp","href":"https:\/\/api.w.org\/{rel}","templated":true}]}}