{"id":9902,"date":"2025-02-22T15:35:48","date_gmt":"2025-02-22T14:35:48","guid":{"rendered":"https:\/\/matuidiomas.com\/panel-de-clientes\/"},"modified":"2025-03-09T15:33:50","modified_gmt":"2025-03-09T14:33:50","slug":"panel-de-clientes","status":"publish","type":"page","link":"https:\/\/matuidiomas.com\/en\/panel-de-clientes\/","title":{"rendered":"Panel"},"content":{"rendered":"<sc-login-form>\n\t<span slot=\"title\">Sign in to your account<\/span>\n<\/sc-login-form>\n<p>Views: 70<\/p>","protected":false},"excerpt":{"rendered":"<p>Views: 70<\/p>","protected":false},"author":1,"featured_media":0,"parent":0,"menu_order":0,"comment_status":"closed","ping_status":"closed","template":"pages\/template-surecart-dashboard.php","meta":{"_acf_changed":false,"_surecart_dashboard_logo_width":"180px","_surecart_dashboard_show_logo":true,"_surecart_dashboard_navigation_orders":true,"_surecart_dashboard_navigation_invoices":true,"_surecart_dashboard_navigation_subscriptions":true,"_surecart_dashboard_navigation_downloads":true,"_surecart_dashboard_navigation_billing":true,"_surecart_dashboard_navigation_account":true,"footnotes":""},"class_list":["post-9902","page","type-page","status-publish","hentry"],"acf":[],"yoast_head":"<!-- This site is optimized with the Yoast SEO Premium plugin v25.5 (Yoast SEO v27.2) - https:\/\/yoast.com\/product\/yoast-seo-premium-wordpress\/ -->\n<title>Panel - MatuIdiomas<\/title>\n<meta name=\"robots\" content=\"index, follow, max-snippet:-1, max-image-preview:large, max-video-preview:-1\" \/>\n<link rel=\"canonical\" href=\"https:\/\/matuidiomas.com\/en\/panel-de-clientes\/\" \/>\n<meta property=\"og:locale\" content=\"en_GB\" \/>\n<meta property=\"og:type\" content=\"article\" \/>\n<meta property=\"og:title\" content=\"Panel\" \/>\n<meta property=\"og:description\" content=\"Views: 70\" \/>\n<meta property=\"og:url\" content=\"https:\/\/matuidiomas.com\/en\/panel-de-clientes\/\" \/>\n<meta property=\"og:site_name\" content=\"MatuIdiomas\" \/>\n<meta property=\"article:publisher\" content=\"https:\/\/www.facebook.com\/matuIdiomas\" \/>\n<meta property=\"article:modified_time\" content=\"2025-03-09T14:33:50+00:00\" \/>\n<meta name=\"twitter:card\" content=\"summary_large_image\" \/>\n<meta name=\"twitter:site\" content=\"@matuidiomas\" \/>\n<script type=\"application\/ld+json\" class=\"yoast-schema-graph\">{\"@context\":\"https:\/\/schema.org\",\"@graph\":[{\"@type\":\"WebPage\",\"@id\":\"https:\/\/matuidiomas.com\/panel-de-clientes\/\",\"url\":\"https:\/\/matuidiomas.com\/panel-de-clientes\/\",\"name\":\"Panel - MatuIdiomas\",\"isPartOf\":{\"@id\":\"https:\/\/matuidiomas.com\/#website\"},\"datePublished\":\"2025-02-22T14:35:48+00:00\",\"dateModified\":\"2025-03-09T14:33:50+00:00\",\"breadcrumb\":{\"@id\":\"https:\/\/matuidiomas.com\/panel-de-clientes\/#breadcrumb\"},\"inLanguage\":\"en-GB\",\"potentialAction\":[{\"@type\":\"ReadAction\",\"target\":[\"https:\/\/matuidiomas.com\/panel-de-clientes\/\"]}]},{\"@type\":\"BreadcrumbList\",\"@id\":\"https:\/\/matuidiomas.com\/panel-de-clientes\/#breadcrumb\",\"itemListElement\":[{\"@type\":\"ListItem\",\"position\":1,\"name\":\"Portada\",\"item\":\"https:\/\/matuidiomas.com\/\"},{\"@type\":\"ListItem\",\"position\":2,\"name\":\"Panel\"}]},{\"@type\":\"WebSite\",\"@id\":\"https:\/\/matuidiomas.com\/#website\",\"url\":\"https:\/\/matuidiomas.com\/\",\"name\":\"MatuIdiomas\",\"description\":\"\u00a1Aprende espa\u00f1ol de forma divertida!\",\"publisher\":{\"@id\":\"https:\/\/matuidiomas.com\/#organization\"},\"potentialAction\":[{\"@type\":\"SearchAction\",\"target\":{\"@type\":\"EntryPoint\",\"urlTemplate\":\"https:\/\/matuidiomas.com\/?s={search_term_string}\"},\"query-input\":{\"@type\":\"PropertyValueSpecification\",\"valueRequired\":true,\"valueName\":\"search_term_string\"}}],\"inLanguage\":\"en-GB\"},{\"@type\":[\"Organization\",\"Place\"],\"@id\":\"https:\/\/matuidiomas.com\/#organization\",\"name\":\"MatuIdiomas\",\"alternateName\":\"MatuIdiomas\",\"url\":\"https:\/\/matuidiomas.com\/\",\"logo\":{\"@id\":\"https:\/\/matuidiomas.com\/panel-de-clientes\/#local-main-organization-logo\"},\"image\":{\"@id\":\"https:\/\/matuidiomas.com\/panel-de-clientes\/#local-main-organization-logo\"},\"sameAs\":[\"https:\/\/www.facebook.com\/matuIdiomas\",\"https:\/\/x.com\/matuidiomas\",\"https:\/\/www.instagram.com\/matuidiomas\/\"],\"description\":\"MatuIdiomas es una academia especializada en la ense\u00f1anza del espa\u00f1ol como lengua extranjera, dirigida a personas de todo el mundo que desean aprender y dominar este idioma de manera efectiva, din\u00e1mica y culturalmente enriquecedora. En MatuIdiomas, entendemos que aprender un idioma va mucho m\u00e1s all\u00e1 de memorizar reglas gramaticales: es una experiencia que conecta al estudiante con nuevas formas de pensar, expresarse y comprender el mundo. Por eso, ofrecemos una metodolog\u00eda comunicativa, centrada en la interacci\u00f3n real, el uso pr\u00e1ctico del idioma y la inmersi\u00f3n en la cultura hispanohablante.\",\"telephone\":[],\"openingHoursSpecification\":[{\"@type\":\"OpeningHoursSpecification\",\"dayOfWeek\":[\"Monday\",\"Tuesday\",\"Wednesday\",\"Thursday\",\"Friday\",\"Saturday\",\"Sunday\"],\"opens\":\"09:00\",\"closes\":\"17:00\"}]},{\"@type\":\"ImageObject\",\"inLanguage\":\"en-GB\",\"@id\":\"https:\/\/matuidiomas.com\/panel-de-clientes\/#local-main-organization-logo\",\"url\":\"https:\/\/matuidiomas.com\/wp-content\/uploads\/2024\/12\/matu_favicon.png\",\"contentUrl\":\"https:\/\/matuidiomas.com\/wp-content\/uploads\/2024\/12\/matu_favicon.png\",\"width\":512,\"height\":512,\"caption\":\"MatuIdiomas\"}]}<\/script>\n<!-- \/ Yoast SEO Premium plugin. -->","yoast_head_json":{"title":"Panel - MatuIdiomas","robots":{"index":"index","follow":"follow","max-snippet":"max-snippet:-1","max-image-preview":"max-image-preview:large","max-video-preview":"max-video-preview:-1"},"canonical":"https:\/\/matuidiomas.com\/en\/panel-de-clientes\/","og_locale":"en_GB","og_type":"article","og_title":"Panel","og_description":"Views: 70","og_url":"https:\/\/matuidiomas.com\/en\/panel-de-clientes\/","og_site_name":"MatuIdiomas","article_publisher":"https:\/\/www.facebook.com\/matuIdiomas","article_modified_time":"2025-03-09T14:33:50+00:00","twitter_card":"summary_large_image","twitter_site":"@matuidiomas","schema":{"@context":"https:\/\/schema.org","@graph":[{"@type":"WebPage","@id":"https:\/\/matuidiomas.com\/panel-de-clientes\/","url":"https:\/\/matuidiomas.com\/panel-de-clientes\/","name":"Panel - MatuIdiomas","isPartOf":{"@id":"https:\/\/matuidiomas.com\/#website"},"datePublished":"2025-02-22T14:35:48+00:00","dateModified":"2025-03-09T14:33:50+00:00","breadcrumb":{"@id":"https:\/\/matuidiomas.com\/panel-de-clientes\/#breadcrumb"},"inLanguage":"en-GB","potentialAction":[{"@type":"ReadAction","target":["https:\/\/matuidiomas.com\/panel-de-clientes\/"]}]},{"@type":"BreadcrumbList","@id":"https:\/\/matuidiomas.com\/panel-de-clientes\/#breadcrumb","itemListElement":[{"@type":"ListItem","position":1,"name":"Portada","item":"https:\/\/matuidiomas.com\/"},{"@type":"ListItem","position":2,"name":"Panel"}]},{"@type":"WebSite","@id":"https:\/\/matuidiomas.com\/#website","url":"https:\/\/matuidiomas.com\/","name":"MatuIdiomas","description":"\u00a1Aprende espa\u00f1ol de forma divertida!","publisher":{"@id":"https:\/\/matuidiomas.com\/#organization"},"potentialAction":[{"@type":"SearchAction","target":{"@type":"EntryPoint","urlTemplate":"https:\/\/matuidiomas.com\/?s={search_term_string}"},"query-input":{"@type":"PropertyValueSpecification","valueRequired":true,"valueName":"search_term_string"}}],"inLanguage":"en-GB"},{"@type":["Organization","Place"],"@id":"https:\/\/matuidiomas.com\/#organization","name":"MatuIdiomas","alternateName":"MatuIdiomas","url":"https:\/\/matuidiomas.com\/","logo":{"@id":"https:\/\/matuidiomas.com\/panel-de-clientes\/#local-main-organization-logo"},"image":{"@id":"https:\/\/matuidiomas.com\/panel-de-clientes\/#local-main-organization-logo"},"sameAs":["https:\/\/www.facebook.com\/matuIdiomas","https:\/\/x.com\/matuidiomas","https:\/\/www.instagram.com\/matuidiomas\/"],"description":"MatuIdiomas es una academia especializada en la ense\u00f1anza del espa\u00f1ol como lengua extranjera, dirigida a personas de todo el mundo que desean aprender y dominar este idioma de manera efectiva, din\u00e1mica y culturalmente enriquecedora. En MatuIdiomas, entendemos que aprender un idioma va mucho m\u00e1s all\u00e1 de memorizar reglas gramaticales: es una experiencia que conecta al estudiante con nuevas formas de pensar, expresarse y comprender el mundo. Por eso, ofrecemos una metodolog\u00eda comunicativa, centrada en la interacci\u00f3n real, el uso pr\u00e1ctico del idioma y la inmersi\u00f3n en la cultura hispanohablante.","telephone":[],"openingHoursSpecification":[{"@type":"OpeningHoursSpecification","dayOfWeek":["Monday","Tuesday","Wednesday","Thursday","Friday","Saturday","Sunday"],"opens":"09:00","closes":"17:00"}]},{"@type":"ImageObject","inLanguage":"en-GB","@id":"https:\/\/matuidiomas.com\/panel-de-clientes\/#local-main-organization-logo","url":"https:\/\/matuidiomas.com\/wp-content\/uploads\/2024\/12\/matu_favicon.png","contentUrl":"https:\/\/matuidiomas.com\/wp-content\/uploads\/2024\/12\/matu_favicon.png","width":512,"height":512,"caption":"MatuIdiomas"}]}},"jetpack_sharing_enabled":true,"_links":{"self":[{"href":"https:\/\/matuidiomas.com\/en\/wp-json\/wp\/v2\/pages\/9902","targetHints":{"allow":["GET"]}}],"collection":[{"href":"https:\/\/matuidiomas.com\/en\/wp-json\/wp\/v2\/pages"}],"about":[{"href":"https:\/\/matuidiomas.com\/en\/wp-json\/wp\/v2\/types\/page"}],"author":[{"embeddable":true,"href":"https:\/\/matuidiomas.com\/en\/wp-json\/wp\/v2\/users\/1"}],"replies":[{"embeddable":true,"href":"https:\/\/matuidiomas.com\/en\/wp-json\/wp\/v2\/comments?post=9902"}],"version-history":[{"count":0,"href":"https:\/\/matuidiomas.com\/en\/wp-json\/wp\/v2\/pages\/9902\/revisions"}],"wp:attachment":[{"href":"https:\/\/matuidiomas.com\/en\/wp-json\/wp\/v2\/media?parent=9902"}],"curies":[{"name":"wp","href":"https:\/\/api.w.org\/{rel}","templated":true}]}}